{"id":16443,"date":"2018-11-14T18:38:26","date_gmt":"2018-11-14T17:38:26","guid":{"rendered":"https:\/\/www.alonso-businesscoaching.es\/blog\/?page_id=16443"},"modified":"2025-04-21T08:25:03","modified_gmt":"2025-04-21T06:25:03","slug":"antonio-j-alonso-sampedro","status":"publish","type":"page","link":"https:\/\/www.alonso-businesscoaching.es\/blog\/antonio-j-alonso-sampedro\/","title":{"rendered":"Antonio J. Alonso Sampedro"},"content":{"rendered":"<p><img data-recalc-dims=\"1\" loading=\"lazy\" decoding=\"async\" data-attachment-id=\"28722\" data-permalink=\"https:\/\/www.alonso-businesscoaching.es\/blog\/?attachment_id=28722\" data-orig-file=\"https:\/\/i0.wp.com\/www.alonso-businesscoaching.es\/blog\/wp-content\/uploads\/2023\/05\/cropped-cropped-06-05-23-modified.jpg?fit=250%2C250&amp;ssl=1\" data-orig-size=\"250,250\" data-comments-opened=\"1\" data-image-meta=\"{&quot;aperture&quot;:&quot;0&quot;,&quot;credit&quot;:&quot;&quot;,&quot;camera&quot;:&quot;&quot;,&quot;caption&quot;:&quot;&quot;,&quot;created_timestamp&quot;:&quot;0&quot;,&quot;copyright&quot;:&quot;&quot;,&quot;focal_length&quot;:&quot;0&quot;,&quot;iso&quot;:&quot;0&quot;,&quot;shutter_speed&quot;:&quot;0&quot;,&quot;title&quot;:&quot;&quot;,&quot;orientation&quot;:&quot;0&quot;}\" data-image-title=\"cropped-cropped-06-05-23-modified.jpg\" data-image-description=\"&lt;p&gt;https:\/\/www.alonso-businesscoaching.es\/blog\/wp-content\/uploads\/2023\/05\/cropped-06-05-23-modified.jpg&lt;\/p&gt;\n\" data-image-caption=\"\" data-large-file=\"https:\/\/i0.wp.com\/www.alonso-businesscoaching.es\/blog\/wp-content\/uploads\/2023\/05\/cropped-cropped-06-05-23-modified.jpg?fit=250%2C250&amp;ssl=1\" class=\"alignnone size-full wp-image-28722 aligncenter\" src=\"https:\/\/i0.wp.com\/www.alonso-businesscoaching.es\/blog\/wp-content\/uploads\/2023\/05\/cropped-cropped-06-05-23-modified.jpg?resize=250%2C250&#038;ssl=1\" alt=\"\" width=\"250\" height=\"250\" srcset=\"https:\/\/i0.wp.com\/www.alonso-businesscoaching.es\/blog\/wp-content\/uploads\/2023\/05\/cropped-cropped-06-05-23-modified.jpg?w=250&amp;ssl=1 250w, https:\/\/i0.wp.com\/www.alonso-businesscoaching.es\/blog\/wp-content\/uploads\/2023\/05\/cropped-cropped-06-05-23-modified.jpg?resize=150%2C150&amp;ssl=1 150w, https:\/\/i0.wp.com\/www.alonso-businesscoaching.es\/blog\/wp-content\/uploads\/2023\/05\/cropped-cropped-06-05-23-modified.jpg?resize=100%2C100&amp;ssl=1 100w\" sizes=\"auto, (max-width: 250px) 100vw, 250px\" \/><\/p>\n<p class=\"has-text-align-justify\" style=\"font-size: 18px;\">Antonio J. Alonso Sampedro es M\u00e1ster por Florida Atlantic University y por ESIC-Business &amp; Marketing School, Licenciado en Ciencias Econ\u00f3micas y Empresariales por la Universidad de Valencia.<\/p>\n\n\n<p class=\"has-text-align-justify\" style=\"font-size:18px\">Profesional multidisciplinar, tras m\u00e1s de una d\u00e9cada ocupando cargos de alta responsabilidad en diversas compa\u00f1\u00edas nacionales y multinacionales del sector financiero, reorienta con \u00e9xito su actividad profesional en 2002 como Business Coach. <\/p>\n\n\n\n<p class=\"has-text-align-justify\" style=\"font-size:18px\">Primero como licenciatario para la Comunidad Valenciana de Success Motivation Institute (Texas-USA), donde fue Certificado en Coaching. Desde 2004 como Socio Director de L\u00edder-Coaching y a partir de 2009 como Coach Director de Alonso-BUSINESS COACHING, firma pionera en facilitaci\u00f3n de servicios de Business Coaching en la Comunidad Valenciana.<\/p>\n\n\n\n<p class=\"has-text-align-justify\" style=\"font-size:18px\">Representante del Coaching Ejecutivo y Empresarial en Valencia, ha colaborado asiduamente como profesor en sus principales Escuelas de Negocios, donde ha participado en ponencias y cursos en torno al Desarrollo Profesional, el Liderazgo y la Excelencia Empresarial, desde una orientaci\u00f3n basada en el Coaching.<\/p>\n\n\n\n<p class=\"has-text-align-justify\" style=\"font-size:18px\">Adem\u00e1s, ha sido profesor colaborador del Departamento de Econom\u00eda y Ciencias Sociales de la Universidad Polit\u00e9cnica de Valencia y de la Universidad de M\u00e1laga.<\/p>\n\n\n\n<p class=\"has-text-align-justify\" style=\"font-size:18px\">Asimismo, ha participado frecuentemente como conferenciante en diversos Congresos y Jornadas Profesionales. Con presencia en medios de comunicaci\u00f3n nacionales y extranjeros, ha colaborado habitualmente con entrevistas y art\u00edculos que tambi\u00e9n publica en su visitado Blog, siendo adem\u00e1s titular en 2003 de un programa sobre el Coaching en Radio Intereconom\u00eda.<\/p>\n\n\n\n<p class=\"has-text-align-justify\" style=\"font-size:18px\">Gran amante de los retos como camino de \u201csuperaci\u00f3n personal\u201d, en 1988 establece una mejor marca mundial de flexiones abdominales continuadas (3.000 en 59 m. y 50 s.) y en 2015, a los 54 a\u00f1os, establece un \u201cr\u00e9cord mundial\u201d de desnivel positivo en marat\u00f3n con \u201c6.232,86 m.\u201d, lo que le convierte posiblemente en el deportista que ha realizado un ascenso mayor sin ayuda mec\u00e1nica, en un solo intento y sin descanso. A partir de esta \u00faltima experiencia, en 2016 publica el libro\u2026 \u201cMarathon-15% \/ 115 CLAVES DE SUPERACI\u00d3N PERSONAL\u201d, que recoge las vivencias de este reto convertidas en reflexiones inspiradoras para el desarrollo personal.<\/p>\n\n\n\n<p class=\"has-text-align-justify\" style=\"font-size:18px\">En 2018 publica \u201cLa duda razonable \/ 105 CLAVES DE LIDERAZGO PERSONAL\u201d, basado en su Taller\u2026 \u201c12 Hombres sin Piedad: Las Claves del Liderazgo\u201d.<\/p>\n\n\n\n<p class=\"has-text-align-justify\" style=\"font-size:18px\">En 2022 publica &#8220;De entre los vivos&#8221;, un asombroso relato narrado por John \u201cScottie\u201d Ferguson, el atribulado detective que en \u201cV\u00e9rtigo\u201d se enamor\u00f3 de Madeleine Elster y a la que ahora buscar\u00e1 sin cesar en el M\u00e1s All\u00e1 tras su ca\u00edda mortal, protagonizando una delirante aventura que le llevar\u00e1 a tratar con otros populares personajes del universo cinematogr\u00e1fico de Alfred Hitchcock.<\/p>\n\n\n\n<p style=\"font-size:18px\">En 2024 publica \u201cBRUNILDA \/ \u00bfTiene g\u00e9nero la violencia?\u201d, la futurista historia de una valiente mujer herida por la violencia de g\u00e9nero, pero que se resiste a interpretarla seg\u00fan la versi\u00f3n oficial. Su lucha en busca de la verdad la llevar\u00e1 a arriesgar la propia vida para salvar la de los dem\u00e1s.<\/p>\n\n\n\n<p class=\"has-text-align-justify\" style=\"font-size:18px\">Adem\u00e1s, es:<\/p>\n\n\n\n<p class=\"has-text-align-justify\" style=\"font-size:18px\">&#8211; Economista Colegiado 3.483 del Colegio de Economistas de Valencia (COEV) y miembro de la Comisi\u00f3n de Direcci\u00f3n y Gesti\u00f3n de Empresas<\/p>\n\n\n\n<p class=\"has-text-align-justify\" style=\"font-size:18px\">&#8211; Miembro 726 del Registro de Economistas Docentes e Investigadores (REDI-CGE)<\/p>\n\n\n\n<p class=\"has-text-align-justify\" style=\"font-size:18px\">&#8211; Co-Fundador de la Asociaci\u00f3n de Coaching de la Comunidad Valenciana (ACCV)<\/p>\n\n\n\n<p class=\"has-text-align-justify\" style=\"font-size:18px\">&#8211; Fundador y Director de Foro Coaching Valencia (FCV)<\/p>\n","protected":false},"excerpt":{"rendered":"<p>Antonio J. Alonso Sampedro es M\u00e1ster por Florida Atlantic University y por ESIC-Business &amp; Marketing School, Licenciado en Ciencias Econ\u00f3micas y Empresariales por la Universidad de Valencia. Profesional multidisciplinar, tras m\u00e1s de una d\u00e9cada ocupando cargos de alta responsabilidad en diversas compa\u00f1\u00edas nacionales y multinacionales del sector financiero, reorienta con \u00e9xito su actividad profesional en &hellip; <\/p>\n<p class=\"link-more\"><a href=\"https:\/\/www.alonso-businesscoaching.es\/blog\/antonio-j-alonso-sampedro\/\" class=\"more-link\">Continuar leyendo<span class=\"screen-reader-text\"> &#8220;Antonio J. Alonso Sampedro&#8221;<\/span><\/a><\/p>\n","protected":false},"author":2,"featured_media":0,"parent":0,"menu_order":0,"comment_status":"closed","ping_status":"closed","template":"","meta":{"om_disable_all_campaigns":false,"_monsterinsights_skip_tracking":false,"_monsterinsights_sitenote_active":false,"_monsterinsights_sitenote_note":"","_monsterinsights_sitenote_category":0,"_s2mail":"yes","_uf_show_specific_survey":0,"_uf_disable_surveys":false,"footnotes":""},"class_list":["post-16443","page","type-page","status-publish","hentry"],"aioseo_notices":[],"jetpack_shortlink":"https:\/\/wp.me\/P5YpnT-4hd","jetpack_likes_enabled":true,"jetpack-related-posts":[{"id":27095,"url":"https:\/\/www.alonso-businesscoaching.es\/blog\/brunilda-tiene-genero-la-violencia-ya-publicado\/","url_meta":{"origin":16443,"position":0},"title":"\u201cBRUNILDA\u201d (\u00bfTiene g\u00e9nero la violencia?)\u2026 ya publicado","author":"Antonio J. Alonso Sampedro","date":"15\/08\/2024","format":false,"excerpt":"BRUNILDA es la valerosa protagonista de una biograf\u00eda venidera, sucedida a lo largo de la primera mitad del siglo XXI y que ella misma nos relatar\u00e1. Es la historia de su tr\u00e1gica vida, marcada por una violencia de g\u00e9nero que siempre la perseguir\u00e1 y cuyas consecuencias, para ella y para\u2026","rel":"","context":"Entrada similar","block_context":{"text":"Entrada similar","link":""},"img":{"alt_text":"","src":"https:\/\/i0.wp.com\/www.alonso-businesscoaching.es\/blog\/wp-content\/uploads\/2024\/07\/Cubierta-Brunilda1-scaled.jpg?resize=350%2C200&ssl=1","width":350,"height":200,"srcset":"https:\/\/i0.wp.com\/www.alonso-businesscoaching.es\/blog\/wp-content\/uploads\/2024\/07\/Cubierta-Brunilda1-scaled.jpg?resize=350%2C200&ssl=1 1x, https:\/\/i0.wp.com\/www.alonso-businesscoaching.es\/blog\/wp-content\/uploads\/2024\/07\/Cubierta-Brunilda1-scaled.jpg?resize=525%2C300&ssl=1 1.5x, https:\/\/i0.wp.com\/www.alonso-businesscoaching.es\/blog\/wp-content\/uploads\/2024\/07\/Cubierta-Brunilda1-scaled.jpg?resize=700%2C400&ssl=1 2x, https:\/\/i0.wp.com\/www.alonso-businesscoaching.es\/blog\/wp-content\/uploads\/2024\/07\/Cubierta-Brunilda1-scaled.jpg?resize=1050%2C600&ssl=1 3x, https:\/\/i0.wp.com\/www.alonso-businesscoaching.es\/blog\/wp-content\/uploads\/2024\/07\/Cubierta-Brunilda1-scaled.jpg?resize=1400%2C800&ssl=1 4x"},"classes":[]},{"id":16847,"url":"https:\/\/www.alonso-businesscoaching.es\/blog\/marathon-15-hacer-para-convencer\/","url_meta":{"origin":16443,"position":1},"title":"Marathon-15%&#8230; \u00a1Hacer para convencer!","author":"Antonio J. Alonso Sampedro","date":"14\/12\/2018","format":false,"excerpt":"Cuando hacia el final del verano del 2014 me entrevistaron en un programa de televisi\u00f3n para conocer sobre mi nuevo proyecto \"Marathon-15%\", nadie entonces pod\u00eda saber cu\u00e1l ser\u00eda el desenlace de un prop\u00f3sito deportivo y editorial que ante todo pretend\u00eda validar aquello en lo que siempre he cre\u00eddo y pretend\u00eda\u2026","rel":"","context":"Entrada similar","block_context":{"text":"Entrada similar","link":""},"img":{"alt_text":"","src":"https:\/\/i0.wp.com\/www.alonso-businesscoaching.es\/blog\/wp-content\/uploads\/2022\/10\/Marathon15_Cover_for_Kindle.jpg?resize=350%2C200&ssl=1","width":350,"height":200,"srcset":"https:\/\/i0.wp.com\/www.alonso-businesscoaching.es\/blog\/wp-content\/uploads\/2022\/10\/Marathon15_Cover_for_Kindle.jpg?resize=350%2C200&ssl=1 1x, https:\/\/i0.wp.com\/www.alonso-businesscoaching.es\/blog\/wp-content\/uploads\/2022\/10\/Marathon15_Cover_for_Kindle.jpg?resize=525%2C300&ssl=1 1.5x, https:\/\/i0.wp.com\/www.alonso-businesscoaching.es\/blog\/wp-content\/uploads\/2022\/10\/Marathon15_Cover_for_Kindle.jpg?resize=700%2C400&ssl=1 2x, https:\/\/i0.wp.com\/www.alonso-businesscoaching.es\/blog\/wp-content\/uploads\/2022\/10\/Marathon15_Cover_for_Kindle.jpg?resize=1050%2C600&ssl=1 3x"},"classes":[]},{"id":23352,"url":"https:\/\/www.alonso-businesscoaching.es\/blog\/de-entre-los-vivos-ya-publicado\/","url_meta":{"origin":16443,"position":2},"title":"&#8220;DE ENTRE LOS VIVOS&#8221;&#8230; ya publicado","author":"Antonio J. Alonso Sampedro","date":"03\/10\/2022","format":false,"excerpt":"El presente libro disfraza su vocaci\u00f3n de ensayo sobre aspectos de la filmograf\u00eda de Alfred Hitchcock adoptando la estructura literaria de relato, en un intento por que su lectura se pueda amenizar. As\u00ed, las aventuras que el mismo John \u201cScottie\u201d Ferguson nos narra trascender\u00e1n su originaria ubicaci\u00f3n en \u201cV\u00e9rtigo\u201d para\u2026","rel":"","context":"Entrada similar","block_context":{"text":"Entrada similar","link":""},"img":{"alt_text":"","src":"https:\/\/i0.wp.com\/www.alonso-businesscoaching.es\/blog\/wp-content\/uploads\/2022\/08\/DE-ENTRE-LOS-VIVOS-III-scaled.jpg?resize=350%2C200&ssl=1","width":350,"height":200,"srcset":"https:\/\/i0.wp.com\/www.alonso-businesscoaching.es\/blog\/wp-content\/uploads\/2022\/08\/DE-ENTRE-LOS-VIVOS-III-scaled.jpg?resize=350%2C200&ssl=1 1x, https:\/\/i0.wp.com\/www.alonso-businesscoaching.es\/blog\/wp-content\/uploads\/2022\/08\/DE-ENTRE-LOS-VIVOS-III-scaled.jpg?resize=525%2C300&ssl=1 1.5x, https:\/\/i0.wp.com\/www.alonso-businesscoaching.es\/blog\/wp-content\/uploads\/2022\/08\/DE-ENTRE-LOS-VIVOS-III-scaled.jpg?resize=700%2C400&ssl=1 2x, https:\/\/i0.wp.com\/www.alonso-businesscoaching.es\/blog\/wp-content\/uploads\/2022\/08\/DE-ENTRE-LOS-VIVOS-III-scaled.jpg?resize=1050%2C600&ssl=1 3x, https:\/\/i0.wp.com\/www.alonso-businesscoaching.es\/blog\/wp-content\/uploads\/2022\/08\/DE-ENTRE-LOS-VIVOS-III-scaled.jpg?resize=1400%2C800&ssl=1 4x"},"classes":[]},{"id":15977,"url":"https:\/\/www.alonso-businesscoaching.es\/blog\/politica-de-privacidad\/","url_meta":{"origin":16443,"position":3},"title":"Pol\u00edtica de privacidad","author":"Antonio J. Alonso Sampedro","date":"14\/11\/2018","format":false,"excerpt":"Qui\u00e9nes somos Antonio J. Alonso Sampedro y la direcci\u00f3n de esta web es... https:\/\/www.alonso-businesscoaching.es\/blog\/. Qu\u00e9 datos personales recogemos y por qu\u00e9 los recogemos Comentarios Cuando los visitantes dejan comentarios en la web, recopilamos los datos que se muestran en el formulario de comentarios, as\u00ed como la direcci\u00f3n IP del visitante\u2026","rel":"","context":"Entrada similar","block_context":{"text":"Entrada similar","link":""},"img":{"alt_text":"","src":"","width":0,"height":0},"classes":[]},{"id":16454,"url":"https:\/\/www.alonso-businesscoaching.es\/blog\/la-duda-razonable-ya-esta-publicado\/","url_meta":{"origin":16443,"position":4},"title":"\u201cLa duda razonable\u201d\u2026 YA EST\u00c1 PUBLICADO","author":"Antonio J. Alonso Sampedro","date":"14\/11\/2018","format":false,"excerpt":"En estos d\u00edas, conversando con un pintor, coincid\u00edamos sobre la dificultad de dar por finalizada una obra, sea pl\u00e1stica, literaria o qu\u00e9 m\u00e1s da. Todo un ejercicio de practicidad en el que la modestia juega un papel fundamental. \u201cLa duda razonable\u201d\u2026 ya est\u00e1 publicado y como tal, el libro pertenece\u2026","rel":"","context":"Entrada similar","block_context":{"text":"Entrada similar","link":""},"img":{"alt_text":"","src":"https:\/\/i0.wp.com\/www.alonso-businesscoaching.es\/blog\/wp-content\/uploads\/2022\/10\/LA-DUDA-RAZONABLE-sept2022-portada.jpg?resize=350%2C200&ssl=1","width":350,"height":200,"srcset":"https:\/\/i0.wp.com\/www.alonso-businesscoaching.es\/blog\/wp-content\/uploads\/2022\/10\/LA-DUDA-RAZONABLE-sept2022-portada.jpg?resize=350%2C200&ssl=1 1x, https:\/\/i0.wp.com\/www.alonso-businesscoaching.es\/blog\/wp-content\/uploads\/2022\/10\/LA-DUDA-RAZONABLE-sept2022-portada.jpg?resize=525%2C300&ssl=1 1.5x, https:\/\/i0.wp.com\/www.alonso-businesscoaching.es\/blog\/wp-content\/uploads\/2022\/10\/LA-DUDA-RAZONABLE-sept2022-portada.jpg?resize=700%2C400&ssl=1 2x"},"classes":[]}],"jetpack_sharing_enabled":true,"_links":{"self":[{"href":"https:\/\/www.alonso-businesscoaching.es\/blog\/wp-json\/wp\/v2\/pages\/16443","targetHints":{"allow":["GET"]}}],"collection":[{"href":"https:\/\/www.alonso-businesscoaching.es\/blog\/wp-json\/wp\/v2\/pages"}],"about":[{"href":"https:\/\/www.alonso-businesscoaching.es\/blog\/wp-json\/wp\/v2\/types\/page"}],"author":[{"embeddable":true,"href":"https:\/\/www.alonso-businesscoaching.es\/blog\/wp-json\/wp\/v2\/users\/2"}],"replies":[{"embeddable":true,"href":"https:\/\/www.alonso-businesscoaching.es\/blog\/wp-json\/wp\/v2\/comments?post=16443"}],"version-history":[{"count":15,"href":"https:\/\/www.alonso-businesscoaching.es\/blog\/wp-json\/wp\/v2\/pages\/16443\/revisions"}],"predecessor-version":[{"id":28744,"href":"https:\/\/www.alonso-businesscoaching.es\/blog\/wp-json\/wp\/v2\/pages\/16443\/revisions\/28744"}],"wp:attachment":[{"href":"https:\/\/www.alonso-businesscoaching.es\/blog\/wp-json\/wp\/v2\/media?parent=16443"}],"curies":[{"name":"wp","href":"https:\/\/api.w.org\/{rel}","templated":true}]}}